{"id":1763,"date":"2022-12-28T03:19:51","date_gmt":"2022-12-28T03:19:51","guid":{"rendered":"https:\/\/prosvjeta.ba\/?page_id=1763"},"modified":"2023-06-20T21:56:56","modified_gmt":"2023-06-20T21:56:56","slug":"kip","status":"publish","type":"page","link":"https:\/\/prosvjeta.ba\/latinica\/kip\/","title":{"rendered":"Kip"},"content":{"rendered":"<div data-elementor-type=\"wp-page\" data-elementor-id=\"1763\" class=\"elementor elementor-1763\" data-elementor-post-type=\"page\">\n\t\t\t\t<div class=\"elementor-element elementor-element-c400419 e-flex e-con-boxed e-con e-parent\" data-id=\"c400419\" data-element_type=\"container\" data-e-type=\"container\" data-settings=\"{&quot;background_background&quot;:&quot;classic&quot;}\">\n\t\t\t\t\t<div class=\"e-con-inner\">\n\t\t\t\t<div class=\"elementor-element elementor-element-4a128da elementor-widget elementor-widget-text-editor\" data-id=\"4a128da\" data-element_type=\"widget\" data-e-type=\"widget\" data-widget_type=\"text-editor.default\">\n\t\t\t\t<div class=\"elementor-widget-container\">\n\t\t\t\t\t\t\t\t\t<h4><strong>Znamenitost grada, kip, na pro\u010delju zgrade Prosvjetinog doma-hrama kulture!<\/strong><\/h4>\t\t\t\t\t\t\t\t<\/div>\n\t\t\t\t<\/div>\n\t\t<div class=\"elementor-element elementor-element-3409157 e-flex e-con-boxed e-con e-parent\" data-id=\"3409157\" data-element_type=\"container\" data-e-type=\"container\" data-settings=\"{&quot;background_background&quot;:&quot;classic&quot;}\">\n\t\t\t\t\t<div class=\"e-con-inner\">\n\t\t\t\t<div class=\"elementor-element elementor-element-c798437 elementor-widget elementor-widget-image\" data-id=\"c798437\" data-element_type=\"widget\" data-e-type=\"widget\" data-widget_type=\"image.default\">\n\t\t\t\t<div class=\"elementor-widget-container\">\n\t\t\t\t\t\t\t\t\t\t\t\t\t\t\t<img fetchpriority=\"high\" decoding=\"async\" width=\"550\" height=\"413\" src=\"https:\/\/prosvjeta.ba\/wp-content\/uploads\/2022\/12\/kip_nebo-1.jpg\" class=\"attachment-large size-large wp-image-1771\" alt=\"\" srcset=\"https:\/\/prosvjeta.ba\/wp-content\/uploads\/2022\/12\/kip_nebo-1.jpg 550w, https:\/\/prosvjeta.ba\/wp-content\/uploads\/2022\/12\/kip_nebo-1-300x225.jpg 300w, https:\/\/prosvjeta.ba\/wp-content\/uploads\/2022\/12\/kip_nebo-1-16x12.jpg 16w\" sizes=\"(max-width: 550px) 100vw, 550px\" \/>\t\t\t\t\t\t\t\t\t\t\t\t\t\t\t<\/div>\n\t\t\t\t<\/div>\n\t\t\t\t\t<\/div>\n\t\t\t\t<\/div>\n\t\t\t\t<div class=\"elementor-element elementor-element-c7b37a9 elementor-widget-divider--view-line elementor-widget elementor-widget-divider\" data-id=\"c7b37a9\" data-element_type=\"widget\" data-e-type=\"widget\" data-widget_type=\"divider.default\">\n\t\t\t\t<div class=\"elementor-widget-container\">\n\t\t\t\t\t\t\t<div class=\"elementor-divider\">\n\t\t\t<span class=\"elementor-divider-separator\">\n\t\t\t\t\t\t<\/span>\n\t\t<\/div>\n\t\t\t\t\t\t<\/div>\n\t\t\t\t<\/div>\n\t\t\t\t<div class=\"elementor-element elementor-element-ce6f2b3 elementor-widget elementor-widget-text-editor\" data-id=\"ce6f2b3\" data-element_type=\"widget\" data-e-type=\"widget\" data-widget_type=\"text-editor.default\">\n\t\t\t\t<div class=\"elementor-widget-container\">\n\t\t\t\t\t\t\t\t\t<h4 style=\"text-align: center;\"><strong>ISTORIJA OBJEKTA I STILSKE KARAKTERISTIKE<\/strong><\/h4><p class=\"translation-block\">Zgrada Srpskog kulturno-prosvjetnog dru\u0161tva Prosvjeta izgra\u0111ena je 1911.god. po projektu Milo\u0161a Miladinovi\u0107a iz 1910.god. u stilu secesije, kao trospratna uglovnica (ugao ulica Obala Kulina bana i Sime Milutinovi\u0107a \u2013 adresa Sime Milutinovi\u0107a br. 1).<br>Zgrada ima dva nejednaka krila od koje je manje prema Obali, na uglu je erker i atika pa ta strana s uglom \u010dini pro\u010delje.Spada u kulturno-prosvjetne objekte (uz \u201eNapredak\u201c i \u201eBenevolenciju\u201c) koji su namjenski izgra\u0111eni krajem austro-ugarskog perioda. Izgradnjom ovih objekata uz reprezentativno oblikovanje te\u017eilo se afirmaciji nacionalne svijesti.<br>Projektom su predvi\u0111ene poslovne prostorije u prizemlju \u2013 trgova\u010dke ili bankovne \u2013 a na I spratu sobe za dru\u0161tvene potrebe dru\u0161tva, igru, sobe, saloni, kancelarije.<br>Uvidom u originalni projekat po rasporedu prostorije vidi se da je II i III sprat i bio predvi\u0111en za stanovanje.<br>Danas se objekat koristi kao stambeno-poslovni (kancelarije dru\u0161tva \u00ab\u00a0Prosvjeta\u00a0\u00bb, hostel\u00a0\u00bbHostel\u00bb, u prizemlju i na prvom spratu, a na drugom i tre\u0107em spratu\u00a0 stanovi).<\/p><p class=\"translation-block\">Stilsko-formalno rje\u0161enje fasade pripada starijoj vrsti secesije.<br>Projekat je izra\u0111en po ugledu na ranije radove arhitekte Josipa Vanca\u0161a, posebno u dijelu dekorativne plastike (rje\u0161enje balkona i balkonske ograde, bordure jaja\u0161ca prozora, ornament na bazi erkera, a dijelom i kartu\u0161e na parapetima).<br>Dekorativni sadr\u017eaji su skoncentrisani na erkeru i srednjoj horizontali, a iznad mirnijih ploha tre\u0107eg sprata izdi\u017ee se lu\u010dna atika na kojoj je skulpturalna kompozicija Prosvjeta. Za izradu ove figurativne kompozicije i svih kiparskih radnji na fasadi bio je raspisan konkurs na koji je stiglo vi\u0161e prijedloga \u2013 modela u razmjeri 1:5. Za izvedbu je, kao prvonagra\u0111eni rad, izabran rad vajara Mi\u0161e Stevi\u0107a.<br>Grupa prikazuje u centru, na povi\u0161enom prijestolju, alegorijsku figuru Prosvjete u liku \u017eene sa otvorenom knjigom na koljenima i podignutom desnom rukom (vjerovatno sa bakljom). Sa strane postamenta predstavljene su stoje\u0107e figure srpskog seljaka, gra\u0111anina i \u0111e\u010daka. Na krajevima, kao najni\u017ei elementi s kojima zapo\u010dinje piramidalna kompozicija, postavljene su zastave i vijenci, orao, knjige, globus, kapitel, -simboli slave i stvarala\u0161tva. Izvedba je povjerena Franji Rebhenu iz Sarajeva (Firma \u201eJung i Rus\u201c atelje za dekorativno kiparsvo i \u0161tukaturne radnje Be\u010d \u2013 Sarajevo).<br>Ponude kiparskih ateljea, izvo\u0111a\u010da zanimljive su zbog toga \u0161to se u njima pojavljuje \u010ditav niz arhitektonskih i dekorativnih elemenata koji se izvode na ovaj na\u010din, posebno kao kiparsko dekorativne radnje i ugra\u0111uju ili apliciraju na fasadi. To su vaze, konzole, kartu\u0161e, glavice stupova, jaja\u0161ca, suze, vijenci i drugo.<\/p><p>U arhitektonskoj formi nagla\u0161ena je barokna te\u017enja ka skulpturalnoj modelaciji cjeline. Odnos prema skulpturi je tipi\u010dno barokni; skulptura je ne\u0111eljiv dio arhitektonske mase. Kao piramidalna kompozicija u zoni atike nagla\u0161ava ugao gra\u0111evine sa doksatom oslonjenim na konzolama (elemenat koji je veoma \u010dest detalj secesionisti\u010dkog pro\u010delja u Sarajevu).<\/p><p class=\"translation-block\">Objekat ima dva ulaza. Ulaz iz Ulice Obala Kulina-bana na uglu je originalnio bio predvi\u0111en za prizemne, trgova\u010dke i bankovne prostorije. Danas ovaj ulaz koristi dru\u0161tvo Prosvjeta. Ulaz iz Ulice Sime Milutinovi\u0107a kori\u0161ten je za pristup spratovima.<br>Doksat na uglu razvija se po visini u vidu smjene zatvorenog, poluotvorenog i otvorenog prostora, sve lak\u0161i i prozra\u010dniji gledano prema vrhu zgrade.<br>Javljaju se klasicisti\u010dki dekorativno- konstruktivni elementi stubova sa stilizovanim kapitelima i konzole u vidu voluta, kao i simboli Austrougarske Monarhije, carske krune i likovi.<br>Sa strana doksata u nivou I sprata su balkoni sa prozra\u010dnim metalnim ogradama i konzolama. Prizemlje je nagla\u0161eno horizontalnim trakastim bosa\u017eom i ulazima sa pilastrima bo\u010dno, a umjesto vijenca je zavr\u0161eno balkonima\u00a0 i doksatom.<br>Ju\u017ena fasada prema Obali je veoma dobro osun\u010dana i otvorena prema jugu i jugoistoku, dok je isto\u010dna, ne\u0161to du\u017ea fasada u Ulici Sime Milutinovi\u0107a zaklonjena objektom preko ulice.<br>Ju\u017ena fasada vertikalno je po\u0111eljena trima prozorskim osovinama, i \u010detvrtom na uglu, dok je isto\u010dna fasada podijeljena je sa osam prozorskih osovina. Prozori su uglavnom dvokrilni sa izuzetkom moderno oblikovanog \u010detverokrilnog prozora na doksatu. Drveni okviri, podione lajsne i polja su geometrijski ornamentirani.<br>Pored vertikalne, likovno egzistira i horizontalna po\u0111ela. Posljednja eta\u017ea odijeljena je od ni\u017eih floralno-geometrijskim frizom u pojasu parapeta, a izme\u0111u prozorskih nadsvjetala su kasetna polja koja ih povezuju. Zna\u010dajno je nagla\u0161en stre\u0161ni vijenac sa mutulima i gutama (konzolice i kapljice dorskog stila).<br>U pojasu I i II sprata egzistira vertikalna po\u0111ela. Prozori su vertikalno uokvireni jedinstvenim okvirom, a u parapetima su kartu\u0161e sa grbom \u201eProsvjete\u201ci balustari.<br>Krovi\u0161te je dvovodno, prelomljeno na uglu. Blago istaknuti rizalitni dijelovi zavr\u0161eni su atikama u vidu timpanona sa vaznama na vrhu. Dimnjaci i ventilacioni kanali na vrhu krovi\u0161ta lijepo su oblikovani, tako da skladno nadopunjuju skulpturu u krovi\u0161tu.<br>Zabatni zid sa zapadne strane je vidljiv od tre\u0107eg sprata i nije malterisan.<\/p><p class=\"translation-block\">Vidljiv je i kameni sokl sa podrumskim prozorima sa re\u0161etkama i \u017eeljeznim kapcima.<br>Parapeti prozora su ozidani i glatko obra\u0111eni. Prozori u prizemlju su promijenjeni tako da je te\u0161ko re\u0107i do koje mjere je intervenisanio u odnosu na originalno stanje.<\/p><p class=\"translation-block\">Centralni ulaz u prizemlje je trapezno istaknut izvan zidne mase i nagla\u0161en glatkim polustupovima sa stilizovanim kapitelima. Nadvratnik je rije\u0161en kao kasetno polje ukra\u0161eno volutama sa dentilima i medaljonima. Iznad je vijenac sa lovorovim li\u0161\u0107em, kvadratni otvori i nova kasetna polja. Bo\u010dne strane trapeznog istaka su tako\u0111er ornamentirane reljefnim dekoracijama floralnih i geometrijskih motiva. Polukru\u017eni okvir vrata je stilski neobra\u0111en \u0161to upu\u0107uje na odre\u0111enu nedore\u010denost, vjerovatno u izvedbi. Sama vrata nisu originalna.\u00a0<br>Bo\u010dni ulaz koji vodi na spratove uokviren je i nazna\u010den bogatom dekoracijom. Vrata su polukru\u017eno nadsvedena i ovjen\u010dana vijencem sa kimationom. Iznad je kartu\u0161a sa godinom izgradnje ispisanom rimskim brojevima. Bo\u010dno su ravni polupilastri sa stilizovanim kapitelima, a iznad arhitravno polje sa spljo\u0161tenim volutama. Ispod vijenca je kimation sa dentilima.<\/p><p>Reprezentativnost u kompoziciji i dekoraciji, stilska jasno\u0107a, historijsko i dokumentarno odre\u0111enje, kao i o\u010duvanost originalnih komponenata u dispoziciji i oblikovanju, ambijentalnost i likovnost predstavljaju vrijednosti\u00a0 koje karakteri\u0161u objekat kao dobro ba\u0161tine.<\/p>\t\t\t\t\t\t\t\t<\/div>\n\t\t\t\t<\/div>\n\t\t\t\t\t<\/div>\n\t\t\t\t<\/div>\n\t\t\t\t<\/div>","protected":false},"excerpt":{"rendered":"<p>\u0417\u043d\u0430\u043c\u0435\u043d\u0438\u0442\u043e\u0441\u0442 \u0433\u0440\u0430\u0434\u0430, \u043a\u0438\u043f, \u043d\u0430 \u043f\u0440\u043e\u0447\u0435\u0459\u0443 \u0437\u0433\u0440\u0430\u0434\u0435 \u041f\u0440\u043e\u0441\u0432\u0458\u0435\u0442\u0438\u043d\u043e\u0433 \u0434\u043e\u043c\u0430-\u0445\u0440\u0430\u043c\u0430 \u043a\u0443\u043b\u0442\u0443\u0440\u0435! \u0418\u0421\u0422\u041e\u0420\u0418\u0408\u0410 \u041e\u0411\u0408\u0415\u041a\u0422\u0410 \u0418 \u0421\u0422\u0418\u041b\u0421\u041a\u0415 \u041a\u0410\u0420\u0410\u041a\u0422\u0415\u0420\u0418\u0421\u0422\u0418\u041a\u0415 \u0417\u0433\u0440\u0430\u0434\u0430 \u0421\u0440\u043f\u0441\u043a\u043e\u0433 \u043a\u0443\u043b\u0442\u0443\u0440\u043d\u043e-\u043f\u0440\u043e\u0441\u0432\u0458\u0435\u0442\u043d\u043e\u0433 \u0434\u0440\u0443\u0448\u0442\u0432\u0430 \u041f\u0440\u043e\u0441\u0432\u0458\u0435\u0442\u0430 \u0438\u0437\u0433\u0440\u0430\u0452\u0435\u043d\u0430 \u0458\u0435 1911.\u0433\u043e\u0434. \u043f\u043e \u043f\u0440\u043e\u0458\u0435\u043a\u0442\u0443 \u041c\u0438\u043b\u043e\u0448\u0430 \u041c\u0438\u043b\u0430\u0434\u0438\u043d\u043e\u0432\u0438\u045b\u0430 \u0438\u0437 1910.\u0433\u043e\u0434. \u0443 \u0441\u0442\u0438\u043b\u0443 \u0441\u0435\u0446\u0435\u0441\u0438\u0458\u0435, \u043a\u0430\u043e \u0442\u0440\u043e\u0441\u043f\u0440\u0430\u0442\u043d\u0430 \u0443\u0433\u043b\u043e\u0432\u043d\u0438\u0446\u0430 (\u0443\u0433\u0430\u043e \u0443\u043b\u0438\u0446\u0430 \u041e\u0431\u0430\u043b\u0430 \u041a\u0443\u043b\u0438\u043d\u0430 \u0431\u0430\u043d\u0430 \u0438 \u0421\u0438\u043c\u0435 \u041c\u0438\u043b\u0443\u0442\u0438\u043d\u043e\u0432\u0438\u045b\u0430 &#8211; \u0430\u0434\u0440\u0435\u0441\u0430 \u0421\u0438\u043c\u0435 \u041c\u0438\u043b\u0443\u0442\u0438\u043d\u043e\u0432\u0438\u045b\u0430 \u0431\u0440. 1).\u0417\u0433\u0440\u0430\u0434\u0430 \u0438\u043c\u0430 \u0434\u0432\u0430 \u043d\u0435\u0458\u0435\u0434\u043d\u0430\u043a\u0430 \u043a\u0440\u0438\u043b\u0430 \u043e\u0434 \u043a\u043e\u0458\u0435 \u0458\u0435 [&hellip;]<\/p>\n","protected":false},"author":1,"featured_media":0,"parent":0,"menu_order":0,"comment_status":"closed","ping_status":"closed","template":"","meta":{"footnotes":""},"class_list":["post-1763","page","type-page","status-publish","hentry"],"_links":{"self":[{"href":"https:\/\/prosvjeta.ba\/latinica\/wp-json\/wp\/v2\/pages\/1763","targetHints":{"allow":["GET"]}}],"collection":[{"href":"https:\/\/prosvjeta.ba\/latinica\/wp-json\/wp\/v2\/pages"}],"about":[{"href":"https:\/\/prosvjeta.ba\/latinica\/wp-json\/wp\/v2\/types\/page"}],"author":[{"embeddable":true,"href":"https:\/\/prosvjeta.ba\/latinica\/wp-json\/wp\/v2\/users\/1"}],"replies":[{"embeddable":true,"href":"https:\/\/prosvjeta.ba\/latinica\/wp-json\/wp\/v2\/comments?post=1763"}],"version-history":[{"count":18,"href":"https:\/\/prosvjeta.ba\/latinica\/wp-json\/wp\/v2\/pages\/1763\/revisions"}],"predecessor-version":[{"id":2909,"href":"https:\/\/prosvjeta.ba\/latinica\/wp-json\/wp\/v2\/pages\/1763\/revisions\/2909"}],"wp:attachment":[{"href":"https:\/\/prosvjeta.ba\/latinica\/wp-json\/wp\/v2\/media?parent=1763"}],"curies":[{"name":"wp","href":"https:\/\/api.w.org\/{rel}","templated":true}]}}