{"id":1783,"date":"2022-12-28T03:43:34","date_gmt":"2022-12-28T03:43:34","guid":{"rendered":"https:\/\/prosvjeta.ba\/?page_id=1783"},"modified":"2024-10-25T01:47:58","modified_gmt":"2024-10-25T00:47:58","slug":"biblioteka","status":"publish","type":"page","link":"https:\/\/prosvjeta.ba\/latinica\/biblioteka\/","title":{"rendered":"Biblioteka"},"content":{"rendered":"<div data-elementor-type=\"wp-page\" data-elementor-id=\"1783\" class=\"elementor elementor-1783\" data-elementor-post-type=\"page\">\n\t\t\t\t<div class=\"elementor-element elementor-element-c10976a e-flex e-con-boxed e-con e-parent\" data-id=\"c10976a\" data-element_type=\"container\" data-e-type=\"container\" data-settings=\"{&quot;background_background&quot;:&quot;classic&quot;}\">\n\t\t\t\t\t<div class=\"e-con-inner\">\n\t\t\t\t<div class=\"elementor-element elementor-element-12c6fa0 elementor-drop-cap-view-stacked elementor-drop-cap-yes elementor-widget elementor-widget-text-editor\" data-id=\"12c6fa0\" data-element_type=\"widget\" data-e-type=\"widget\" data-settings=\"{&quot;drop_cap&quot;:&quot;yes&quot;}\" data-widget_type=\"text-editor.default\">\n\t\t\t\t<div class=\"elementor-widget-container\">\n\t\t\t\t\t\t\t\t\t<p>1911. godine u Sarajevu je predstavljena i po\u010dela sa radom Centralna biblioteka Prosvjete, koja je tako bila jedna od prvih javnih biblioteka u Sarajevu i Bosni i Hercegovini. U periodu izme\u0111u dva svjetska rata Prosvjetina biblioteka je bila jedna od najve\u0107ih javnih biblioteka, sa preko 70.000 naslova i vi\u0161e od 100.000 svezaka. 1911. godine ova biblioteka je nosila naziv \u201cSrpska centralna biblioteka\u201d, a 1925. godine mijenja ime u \u201cProsvjetina centralna biblioteka\u201d. Do osnivanja ove biblioteke, u BiH nije postojala ni jedna biblioteka ovakvog tipa sa centralom u Sarajevu i filijalama \u0161irom BiH. Ova biblioteka je nakon osnivanja svoj javni rad po\u010dela 1913. Imala je karakter narodne, javne biblioteke pristupa\u010dne svim slojevima dru\u0161tva, bez obzira na vjeru, naciju, dru\u0161tveni status i stepen pismenosti.<\/p>\t\t\t\t\t\t\t\t<\/div>\n\t\t\t\t<\/div>\n\t\t\t\t<div class=\"elementor-element elementor-element-26ddc88 elementor-widget-divider--view-line elementor-widget elementor-widget-divider\" data-id=\"26ddc88\" data-element_type=\"widget\" data-e-type=\"widget\" data-widget_type=\"divider.default\">\n\t\t\t\t<div class=\"elementor-widget-container\">\n\t\t\t\t\t\t\t<div class=\"elementor-divider\">\n\t\t\t<span class=\"elementor-divider-separator\">\n\t\t\t\t\t\t<\/span>\n\t\t<\/div>\n\t\t\t\t\t\t<\/div>\n\t\t\t\t<\/div>\n\t\t\t\t<div class=\"elementor-element elementor-element-9e73a61 elementor-widget elementor-widget-gallery\" data-id=\"9e73a61\" data-element_type=\"widget\" data-e-type=\"widget\" data-settings=\"{&quot;gallery_layout&quot;:&quot;masonry&quot;,&quot;columns&quot;:2,&quot;lazyload&quot;:&quot;yes&quot;,&quot;columns_tablet&quot;:2,&quot;columns_mobile&quot;:1,&quot;gap&quot;:{&quot;unit&quot;:&quot;px&quot;,&quot;size&quot;:10,&quot;sizes&quot;:[]},&quot;gap_tablet&quot;:{&quot;unit&quot;:&quot;px&quot;,&quot;size&quot;:10,&quot;sizes&quot;:[]},&quot;gap_mobile&quot;:{&quot;unit&quot;:&quot;px&quot;,&quot;size&quot;:10,&quot;sizes&quot;:[]},&quot;link_to&quot;:&quot;file&quot;,&quot;overlay_background&quot;:&quot;yes&quot;,&quot;content_hover_animation&quot;:&quot;fade-in&quot;}\" data-widget_type=\"gallery.default\">\n\t\t\t\t<div class=\"elementor-widget-container\">\n\t\t\t\t\t\t\t<div class=\"elementor-gallery__container\">\n\t\t\t\t\t\t\t<a class=\"e-gallery-item elementor-gallery-item elementor-animated-content\" href=\"https:\/\/prosvjeta.ba\/wp-content\/uploads\/2023\/06\/Slika-38.webp\">\n\t\t\t\t\t<div class=\"e-gallery-image elementor-gallery-item__image\" data-thumbnail=\"https:\/\/prosvjeta.ba\/wp-content\/uploads\/2023\/06\/Slika-38.webp\" data-width=\"1189\" data-height=\"1553\" aria-label=\"SPKD Prosvjeta\" role=\"img\" ><\/div>\n\t\t\t\t\t\t\t\t\t\t\t<div class=\"elementor-gallery-item__overlay\"><\/div>\n\t\t\t\t\t\t\t\t\t\t\t\t\t\t<\/a>\n\t\t\t\t\t\t\t<a class=\"e-gallery-item elementor-gallery-item elementor-animated-content\" href=\"https:\/\/prosvjeta.ba\/wp-content\/uploads\/2023\/06\/Slika-32.webp\">\n\t\t\t\t\t<div class=\"e-gallery-image elementor-gallery-item__image\" data-thumbnail=\"https:\/\/prosvjeta.ba\/wp-content\/uploads\/2023\/06\/Slika-32.webp\" data-width=\"1440\" data-height=\"1127\" aria-label=\"SPKD Prosvjeta\" role=\"img\" ><\/div>\n\t\t\t\t\t\t\t\t\t\t\t<div class=\"elementor-gallery-item__overlay\"><\/div>\n\t\t\t\t\t\t\t\t\t\t\t\t\t\t<\/a>\n\t\t\t\t\t\t\t<a class=\"e-gallery-item elementor-gallery-item elementor-animated-content\" href=\"https:\/\/prosvjeta.ba\/wp-content\/uploads\/2023\/06\/Slika-21.webp\">\n\t\t\t\t\t<div class=\"e-gallery-image elementor-gallery-item__image\" data-thumbnail=\"https:\/\/prosvjeta.ba\/wp-content\/uploads\/2023\/06\/Slika-21.webp\" data-width=\"912\" data-height=\"694\" aria-label=\"SPKD Prosvjeta\" role=\"img\" ><\/div>\n\t\t\t\t\t\t\t\t\t\t\t<div class=\"elementor-gallery-item__overlay\"><\/div>\n\t\t\t\t\t\t\t\t\t\t\t\t\t\t<\/a>\n\t\t\t\t\t<\/div>\n\t\t\t\t\t<\/div>\n\t\t\t\t<\/div>\n\t\t\t\t<div class=\"elementor-element elementor-element-e03099a elementor-widget-divider--view-line elementor-widget elementor-widget-divider\" data-id=\"e03099a\" data-element_type=\"widget\" data-e-type=\"widget\" data-widget_type=\"divider.default\">\n\t\t\t\t<div class=\"elementor-widget-container\">\n\t\t\t\t\t\t\t<div class=\"elementor-divider\">\n\t\t\t<span class=\"elementor-divider-separator\">\n\t\t\t\t\t\t<\/span>\n\t\t<\/div>\n\t\t\t\t\t\t<\/div>\n\t\t\t\t<\/div>\n\t\t\t\t<div class=\"elementor-element elementor-element-8e2926e elementor-widget elementor-widget-text-editor\" data-id=\"8e2926e\" data-element_type=\"widget\" data-e-type=\"widget\" data-widget_type=\"text-editor.default\">\n\t\t\t\t<div class=\"elementor-widget-container\">\n\t\t\t\t\t\t\t\t\tZa vrijeme II Svjetskog rata, Prosvjetina biblioteka je pretrpjela velike gubitke, Centralna biblioteka je ostala bez najve\u0107eg broja knjiga oko 27.000, dok su biblioteke van Sarajeva u potpunosti uni\u0161tene. Poslije rata, je obnovljena i sama biblioteka koja je tada raspolagala sa svega 24.200 knji\u017enih jedinica. Fond biblioteke je rastao do 1949. godine, kada je iznosio 56.128 svezaka. Najve\u0107i dio ove knji\u017ene gra\u0111e (onaj dio koji je sa\u010duvan nakon uni\u0161tenja tokom II svjetskog rata) je 1949. godine je predat Narodnoj biblioteci NRBiH, te je postao osnov i temelj knji\u017enog fonda dana\u0161nje Nacionalne i univerzitetske biblioteke BiH. Devedesetih godina pro\u0161log vijeka po\u010delo je obnavljane fonda biblioteke, i od 2022. godine, biblioteka je ponovo u svojim prostorijama, i dostupna svim gra\u0111anima Sarajeva i BiH.  Danas ova biblioteka ima veliki broj starih i rijetkih knjiga, posebnih kolekcija koje su dostupne svim gra\u0111anima Sarajeva i BiH,posjetiocima, a posebno istra\u017eiva\u010dima i studentima. Dru\u0161tveni centar biblioteke je mjesto organizovanja susreta knji\u017eevnika i ljubitelja pisane rije\u010di, knji\u017eevnih ve\u010deri i razli\u010ditih radionica.\t\t\t\t\t\t\t\t<\/div>\n\t\t\t\t<\/div>\n\t\t\t\t<div class=\"elementor-element elementor-element-54ed35e elementor-widget-divider--view-line elementor-widget elementor-widget-divider\" data-id=\"54ed35e\" data-element_type=\"widget\" data-e-type=\"widget\" data-widget_type=\"divider.default\">\n\t\t\t\t<div class=\"elementor-widget-container\">\n\t\t\t\t\t\t\t<div class=\"elementor-divider\">\n\t\t\t<span class=\"elementor-divider-separator\">\n\t\t\t\t\t\t<\/span>\n\t\t<\/div>\n\t\t\t\t\t\t<\/div>\n\t\t\t\t<\/div>\n\t\t\t\t<div class=\"elementor-element elementor-element-5099316 elementor-widget elementor-widget-gallery\" data-id=\"5099316\" data-element_type=\"widget\" data-e-type=\"widget\" data-settings=\"{&quot;gallery_layout&quot;:&quot;masonry&quot;,&quot;columns&quot;:3,&quot;lazyload&quot;:&quot;yes&quot;,&quot;columns_tablet&quot;:2,&quot;columns_mobile&quot;:1,&quot;gap&quot;:{&quot;unit&quot;:&quot;px&quot;,&quot;size&quot;:10,&quot;sizes&quot;:[]},&quot;gap_tablet&quot;:{&quot;unit&quot;:&quot;px&quot;,&quot;size&quot;:10,&quot;sizes&quot;:[]},&quot;gap_mobile&quot;:{&quot;unit&quot;:&quot;px&quot;,&quot;size&quot;:10,&quot;sizes&quot;:[]},&quot;link_to&quot;:&quot;file&quot;,&quot;overlay_background&quot;:&quot;yes&quot;,&quot;content_hover_animation&quot;:&quot;fade-in&quot;}\" data-widget_type=\"gallery.default\">\n\t\t\t\t<div class=\"elementor-widget-container\">\n\t\t\t\t\t\t\t<div class=\"elementor-gallery__container\">\n\t\t\t\t\t\t\t<a class=\"e-gallery-item elementor-gallery-item elementor-animated-content\" href=\"https:\/\/prosvjeta.ba\/wp-content\/uploads\/2023\/06\/Biblioteka1.webp\">\n\t\t\t\t\t<div class=\"e-gallery-image elementor-gallery-item__image\" data-thumbnail=\"https:\/\/prosvjeta.ba\/wp-content\/uploads\/2023\/06\/Biblioteka1.webp\" data-width=\"1536\" data-height=\"2048\" aria-label=\"SPKD Prosvjeta\" role=\"img\" ><\/div>\n\t\t\t\t\t\t\t\t\t\t\t<div class=\"elementor-gallery-item__overlay\"><\/div>\n\t\t\t\t\t\t\t\t\t\t\t\t\t\t<\/a>\n\t\t\t\t\t\t\t<a class=\"e-gallery-item elementor-gallery-item elementor-animated-content\" href=\"https:\/\/prosvjeta.ba\/wp-content\/uploads\/2023\/06\/Biblioteka3.webp\">\n\t\t\t\t\t<div class=\"e-gallery-image elementor-gallery-item__image\" data-thumbnail=\"https:\/\/prosvjeta.ba\/wp-content\/uploads\/2023\/06\/Biblioteka3.webp\" data-width=\"1200\" data-height=\"800\" aria-label=\"SPKD Prosvjeta\" role=\"img\" ><\/div>\n\t\t\t\t\t\t\t\t\t\t\t<div class=\"elementor-gallery-item__overlay\"><\/div>\n\t\t\t\t\t\t\t\t\t\t\t\t\t\t<\/a>\n\t\t\t\t\t\t\t<a class=\"e-gallery-item elementor-gallery-item elementor-animated-content\" href=\"https:\/\/prosvjeta.ba\/wp-content\/uploads\/2023\/06\/Biblioteka2.webp\">\n\t\t\t\t\t<div class=\"e-gallery-image elementor-gallery-item__image\" data-thumbnail=\"https:\/\/prosvjeta.ba\/wp-content\/uploads\/2023\/06\/Biblioteka2.webp\" data-width=\"1200\" data-height=\"800\" aria-label=\"SPKD Prosvjeta\" role=\"img\" ><\/div>\n\t\t\t\t\t\t\t\t\t\t\t<div class=\"elementor-gallery-item__overlay\"><\/div>\n\t\t\t\t\t\t\t\t\t\t\t\t\t\t<\/a>\n\t\t\t\t\t\t\t<a class=\"e-gallery-item elementor-gallery-item elementor-animated-content\" href=\"https:\/\/prosvjeta.ba\/wp-content\/uploads\/2023\/06\/Biblioteka4.webp\">\n\t\t\t\t\t<div class=\"e-gallery-image elementor-gallery-item__image\" data-thumbnail=\"https:\/\/prosvjeta.ba\/wp-content\/uploads\/2023\/06\/Biblioteka4.webp\" data-width=\"1944\" data-height=\"1296\" aria-label=\"SPKD Prosvjeta\" role=\"img\" ><\/div>\n\t\t\t\t\t\t\t\t\t\t\t<div class=\"elementor-gallery-item__overlay\"><\/div>\n\t\t\t\t\t\t\t\t\t\t\t\t\t\t<\/a>\n\t\t\t\t\t\t\t<a class=\"e-gallery-item elementor-gallery-item elementor-animated-content\" href=\"https:\/\/prosvjeta.ba\/wp-content\/uploads\/2023\/06\/Slika-54-scaled.webp\">\n\t\t\t\t\t<div class=\"e-gallery-image elementor-gallery-item__image\" data-thumbnail=\"https:\/\/prosvjeta.ba\/wp-content\/uploads\/2023\/06\/Slika-54-scaled.webp\" data-width=\"1920\" data-height=\"2560\" aria-label=\"SPKD Prosvjeta\" role=\"img\" ><\/div>\n\t\t\t\t\t\t\t\t\t\t\t<div class=\"elementor-gallery-item__overlay\"><\/div>\n\t\t\t\t\t\t\t\t\t\t\t\t\t\t<\/a>\n\t\t\t\t\t<\/div>\n\t\t\t\t\t<\/div>\n\t\t\t\t<\/div>\n\t\t\t\t<div class=\"elementor-element elementor-element-510e0c5 elementor-widget-divider--view-line elementor-widget elementor-widget-divider\" data-id=\"510e0c5\" data-element_type=\"widget\" data-e-type=\"widget\" data-widget_type=\"divider.default\">\n\t\t\t\t<div class=\"elementor-widget-container\">\n\t\t\t\t\t\t\t<div class=\"elementor-divider\">\n\t\t\t<span class=\"elementor-divider-separator\">\n\t\t\t\t\t\t<\/span>\n\t\t<\/div>\n\t\t\t\t\t\t<\/div>\n\t\t\t\t<\/div>\n\t\t\t\t<div class=\"elementor-element elementor-element-0d9ae5d elementor-widget elementor-widget-text-editor\" data-id=\"0d9ae5d\" data-element_type=\"widget\" data-e-type=\"widget\" data-widget_type=\"text-editor.default\">\n\t\t\t\t<div class=\"elementor-widget-container\">\n\t\t\t\t\t\t\t\t\t<h5><span style=\"color: #9e5539;\"><strong>Prijatelji Dru\u0161tva \u017eele da poklone knjige, zahvaljujemo svima koji su poklonili knjige i svima onima koji imaju namjeru.<\/strong><\/span><\/h5>\t\t\t\t\t\t\t\t<\/div>\n\t\t\t\t<\/div>\n\t\t\t\t<div class=\"elementor-element elementor-element-47a3006 elementor-widget elementor-widget-text-editor\" data-id=\"47a3006\" data-element_type=\"widget\" data-e-type=\"widget\" data-widget_type=\"text-editor.default\">\n\t\t\t\t<div class=\"elementor-widget-container\">\n\t\t\t\t\t\t\t\t\t<h5><strong>Radno vrijeme Biblioteke SPKD \u201cProsvjeta\u201d Sarajevo.<\/strong><\/h5><p>Svakim radnim danom od ponedeljka do petka od 10-15 sati.<\/p><p><span style=\"color: #9e5539;\">Dane vikenda i praznike ne radimo.<\/span><\/p>\t\t\t\t\t\t\t\t<\/div>\n\t\t\t\t<\/div>\n\t\t\t\t\t<\/div>\n\t\t\t\t<\/div>\n\t\t\t\t<\/div>","protected":false},"excerpt":{"rendered":"<p>1911. \u0433\u043e\u0434\u0438\u043d\u0435 \u0443 \u0421\u0430\u0440\u0430\u0458\u0435\u0432\u0443 \u0458\u0435 \u043f\u0440\u0435\u0434\u0441\u0442\u0430\u0432\u0459\u0435\u043d\u0430 \u0438 \u043f\u043e\u0447\u0435\u043b\u0430 \u0441\u0430 \u0440\u0430\u0434\u043e\u043c \u0426\u0435\u043d\u0442\u0440\u0430\u043b\u043d\u0430 \u0431\u0438\u0431\u043b\u0438\u043e\u0442\u0435\u043a\u0430 \u041f\u0440\u043e\u0441\u0432\u0458\u0435\u0442\u0435, \u043a\u043e\u0458\u0430 \u0458\u0435 \u0442\u0430\u043a\u043e \u0431\u0438\u043b\u0430 \u0458\u0435\u0434\u043d\u0430 \u043e\u0434 \u043f\u0440\u0432\u0438\u0445 \u0458\u0430\u0432\u043d\u0438\u0445 \u0431\u0438\u0431\u043b\u0438\u043e\u0442\u0435\u043a\u0430 \u0443 \u0421\u0430\u0440\u0430\u0458\u0435\u0432\u0443 \u0438 \u0411\u043e\u0441\u043d\u0438 \u0438 \u0425\u0435\u0440\u0446\u0435\u0433\u043e\u0432\u0438\u043d\u0438. \u0423 \u043f\u0435\u0440\u0438\u043e\u0434\u0443 \u0438\u0437\u043c\u0435\u0452\u0443 \u0434\u0432\u0430 \u0441\u0432\u0458\u0435\u0442\u0441\u043a\u0430 \u0440\u0430\u0442\u0430 \u041f\u0440\u043e\u0441\u0432\u0458\u0435\u0442\u0438\u043d\u0430 \u0431\u0438\u0431\u043b\u0438\u043e\u0442\u0435\u043a\u0430 \u0458\u0435 \u0431\u0438\u043b\u0430 \u0458\u0435\u0434\u043d\u0430 \u043e\u0434 \u043d\u0430\u0458\u0432\u0435\u045b\u0438\u0445 \u0458\u0430\u0432\u043d\u0438\u0445 \u0431\u0438\u0431\u043b\u0438\u043e\u0442\u0435\u043a\u0430, \u0441\u0430 \u043f\u0440\u0435\u043a\u043e 70.000 \u043d\u0430\u0441\u043b\u043e\u0432\u0430 \u0438 \u0432\u0438\u0448\u0435 \u043e\u0434 100.000 \u0441\u0432\u0435\u0437\u0430\u043a\u0430. 1911. \u0433\u043e\u0434\u0438\u043d\u0435 \u043e\u0432\u0430 [&hellip;]<\/p>\n","protected":false},"author":1,"featured_media":0,"parent":0,"menu_order":0,"comment_status":"closed","ping_status":"closed","template":"","meta":{"footnotes":""},"class_list":["post-1783","page","type-page","status-publish","hentry"],"_links":{"self":[{"href":"https:\/\/prosvjeta.ba\/latinica\/wp-json\/wp\/v2\/pages\/1783","targetHints":{"allow":["GET"]}}],"collection":[{"href":"https:\/\/prosvjeta.ba\/latinica\/wp-json\/wp\/v2\/pages"}],"about":[{"href":"https:\/\/prosvjeta.ba\/latinica\/wp-json\/wp\/v2\/types\/page"}],"author":[{"embeddable":true,"href":"https:\/\/prosvjeta.ba\/latinica\/wp-json\/wp\/v2\/users\/1"}],"replies":[{"embeddable":true,"href":"https:\/\/prosvjeta.ba\/latinica\/wp-json\/wp\/v2\/comments?post=1783"}],"version-history":[{"count":28,"href":"https:\/\/prosvjeta.ba\/latinica\/wp-json\/wp\/v2\/pages\/1783\/revisions"}],"predecessor-version":[{"id":3579,"href":"https:\/\/prosvjeta.ba\/latinica\/wp-json\/wp\/v2\/pages\/1783\/revisions\/3579"}],"wp:attachment":[{"href":"https:\/\/prosvjeta.ba\/latinica\/wp-json\/wp\/v2\/media?parent=1783"}],"curies":[{"name":"wp","href":"https:\/\/api.w.org\/{rel}","templated":true}]}}