{"id":1866,"date":"2022-12-28T17:52:08","date_gmt":"2022-12-28T17:52:08","guid":{"rendered":"https:\/\/prosvjeta.ba\/?page_id=1866"},"modified":"2023-06-20T23:42:13","modified_gmt":"2023-06-20T23:42:13","slug":"period-1993-do-danas","status":"publish","type":"page","link":"https:\/\/prosvjeta.ba\/latinica\/period-1993-do-danas\/","title":{"rendered":"Period 1993 do danas"},"content":{"rendered":"<div data-elementor-type=\"wp-page\" data-elementor-id=\"1866\" class=\"elementor elementor-1866\" data-elementor-post-type=\"page\">\n\t\t\t\t<div class=\"elementor-element elementor-element-d3613c7 e-flex e-con-boxed e-con e-parent\" data-id=\"d3613c7\" data-element_type=\"container\" data-e-type=\"container\" data-settings=\"{&quot;background_background&quot;:&quot;classic&quot;}\">\n\t\t\t\t\t<div class=\"e-con-inner\">\n\t\t\t\t<div class=\"elementor-element elementor-element-7af9cb1 elementor-drop-cap-yes elementor-drop-cap-view-stacked elementor-widget elementor-widget-text-editor\" data-id=\"7af9cb1\" data-element_type=\"widget\" data-e-type=\"widget\" data-settings=\"{&quot;drop_cap&quot;:&quot;yes&quot;}\" data-widget_type=\"text-editor.default\">\n\t\t\t\t<div class=\"elementor-widget-container\">\n\t\t\t\t\t\t\t\t\t<p>Do nove obnove rada \u201eProsvjete\u201c do\u0161lo je sa demokratskim promjenama na podru\u010dju nekada\u0161nje Jugoslavije. 28. juna 1990. godine u Sarajevu je odr\u017eana sve\u010dana obnovitenjska skup\u0161tina SPKD \u201eProsvjeta\u201c, na koju se \u010dekalo vi\u0161e od \u010detiri decenije. Nova nadanja, nove \u017eelje, i novi entuzijazam su ponijeli \u201eProsvjetu\u201c u susret novim vremenima. Na\u017ealost, veoma brzo, nepune dvije godine kasnije, Bosnu i Hercegovinu zahvata ratni vihor koji ne zaobilazi ni \u201eProsvjetu\u201c. Veliki dio \u010dlanova, i dio rukovodstva napu\u0161ta Sarajevo, i svoj rad kasnije obnavljaju i nastavljaju na podru\u010dju Republike Srpske.<\/p><p>U Sarajevu tih devedesetih godina ostaju entuzijasti, ljudi koji su vjerovali u misiju i cilj \u201eProsvjete\u201c, i nisu ga iznevjerili ni u tim najte\u017eim danima. U ratnom Sarajevu, pokre\u0107u izdavanje obnovljene \u201eBosanske Vile\u201c, najstarijeg \u010dasopisa na podru\u010dju BiH koji i danas izlazi, i taj plamen koji su upalili ni danas nije uga\u0161en, i pored svih problema i neda\u0107a. \u201eProsvjeta\u201c radi u devedesetim godinama u privatnim ku\u0107ama, bez svog doma, ali organizuje i brojne izlo\u017ebe, predavanja i promocije. Ta snaga kojom su tada\u0161nji \u010delni ljudi \u201eProsvjete\u201c, a me\u0111u njima se ne smiju zaboraviti pjesnik Goran Simi\u0107 koji je na \u010delu \u201eProsvjete\u201c bio od 1993. do 1995. godine, te Borislav Spasojevi\u0107 koji ga naslije\u0111uje, i vodi \u201eProsvjetu\u201c do 1997. godine. Tu su i akademik Teodor Romani\u0107 (1997-2003), i akademik Nikola Kova\u010d (2003-2007)\u2026<\/p>\t\t\t\t\t\t\t\t<\/div>\n\t\t\t\t<\/div>\n\t\t\t\t<div class=\"elementor-element elementor-element-1179597 elementor-widget-divider--view-line elementor-widget elementor-widget-divider\" data-id=\"1179597\" data-element_type=\"widget\" data-e-type=\"widget\" data-widget_type=\"divider.default\">\n\t\t\t\t<div class=\"elementor-widget-container\">\n\t\t\t\t\t\t\t<div class=\"elementor-divider\">\n\t\t\t<span class=\"elementor-divider-separator\">\n\t\t\t\t\t\t<\/span>\n\t\t<\/div>\n\t\t\t\t\t\t<\/div>\n\t\t\t\t<\/div>\n\t\t\t\t<div class=\"elementor-element elementor-element-7c27002 elementor-widget elementor-widget-gallery\" data-id=\"7c27002\" data-element_type=\"widget\" data-e-type=\"widget\" data-settings=\"{&quot;gallery_layout&quot;:&quot;masonry&quot;,&quot;columns&quot;:3,&quot;gap_mobile&quot;:{&quot;unit&quot;:&quot;px&quot;,&quot;size&quot;:20,&quot;sizes&quot;:[]},&quot;gap&quot;:{&quot;unit&quot;:&quot;px&quot;,&quot;size&quot;:20,&quot;sizes&quot;:[]},&quot;lazyload&quot;:&quot;yes&quot;,&quot;columns_tablet&quot;:2,&quot;columns_mobile&quot;:1,&quot;gap_tablet&quot;:{&quot;unit&quot;:&quot;px&quot;,&quot;size&quot;:10,&quot;sizes&quot;:[]},&quot;link_to&quot;:&quot;file&quot;,&quot;overlay_background&quot;:&quot;yes&quot;,&quot;content_hover_animation&quot;:&quot;fade-in&quot;}\" data-widget_type=\"gallery.default\">\n\t\t\t\t<div class=\"elementor-widget-container\">\n\t\t\t\t\t\t\t<div class=\"elementor-gallery__container\">\n\t\t\t\t\t\t\t<a class=\"e-gallery-item elementor-gallery-item elementor-animated-content\" href=\"https:\/\/prosvjeta.ba\/wp-content\/uploads\/2023\/06\/Slika-41.webp\">\n\t\t\t\t\t<div class=\"e-gallery-image elementor-gallery-item__image\" data-thumbnail=\"https:\/\/prosvjeta.ba\/wp-content\/uploads\/2023\/06\/Slika-41.webp\" data-width=\"960\" data-height=\"720\" aria-label=\"SPKD PROSVJETA SARAJEVO\" role=\"img\" ><\/div>\n\t\t\t\t\t\t\t\t\t\t\t<div class=\"elementor-gallery-item__overlay\"><\/div>\n\t\t\t\t\t\t\t\t\t\t\t\t\t\t<\/a>\n\t\t\t\t\t\t\t<a class=\"e-gallery-item elementor-gallery-item elementor-animated-content\" href=\"https:\/\/prosvjeta.ba\/wp-content\/uploads\/2023\/06\/Slika-55-scaled.webp\">\n\t\t\t\t\t<div class=\"e-gallery-image elementor-gallery-item__image\" data-thumbnail=\"https:\/\/prosvjeta.ba\/wp-content\/uploads\/2023\/06\/Slika-55-scaled.webp\" data-width=\"1920\" data-height=\"2560\" aria-label=\"SPKD PROSVJETA SARAJEVO\" role=\"img\" ><\/div>\n\t\t\t\t\t\t\t\t\t\t\t<div class=\"elementor-gallery-item__overlay\"><\/div>\n\t\t\t\t\t\t\t\t\t\t\t\t\t\t<\/a>\n\t\t\t\t\t\t\t<a class=\"e-gallery-item elementor-gallery-item elementor-animated-content\" href=\"https:\/\/prosvjeta.ba\/wp-content\/uploads\/2023\/06\/Slika-48.webp\">\n\t\t\t\t\t<div class=\"e-gallery-image elementor-gallery-item__image\" data-thumbnail=\"https:\/\/prosvjeta.ba\/wp-content\/uploads\/2023\/06\/Slika-48.webp\" data-width=\"550\" data-height=\"781\" aria-label=\"SPKD PROSVJETA SARAJEVO\" role=\"img\" ><\/div>\n\t\t\t\t\t\t\t\t\t\t\t<div class=\"elementor-gallery-item__overlay\"><\/div>\n\t\t\t\t\t\t\t\t\t\t\t\t\t\t<\/a>\n\t\t\t\t\t\t\t<a class=\"e-gallery-item elementor-gallery-item elementor-animated-content\" href=\"https:\/\/prosvjeta.ba\/wp-content\/uploads\/2023\/06\/Slika-45.webp\">\n\t\t\t\t\t<div class=\"e-gallery-image elementor-gallery-item__image\" data-thumbnail=\"https:\/\/prosvjeta.ba\/wp-content\/uploads\/2023\/06\/Slika-45.webp\" data-width=\"480\" data-height=\"658\" aria-label=\"SPKD PROSVJETA SARAJEVO\" role=\"img\" ><\/div>\n\t\t\t\t\t\t\t\t\t\t\t<div class=\"elementor-gallery-item__overlay\"><\/div>\n\t\t\t\t\t\t\t\t\t\t\t\t\t\t<\/a>\n\t\t\t\t\t\t\t<a class=\"e-gallery-item elementor-gallery-item elementor-animated-content\" href=\"https:\/\/prosvjeta.ba\/wp-content\/uploads\/2023\/06\/Slika-52.webp\">\n\t\t\t\t\t<div class=\"e-gallery-image elementor-gallery-item__image\" data-thumbnail=\"https:\/\/prosvjeta.ba\/wp-content\/uploads\/2023\/06\/Slika-52.webp\" data-width=\"250\" data-height=\"208\" aria-label=\"SPKD PROSVJETA SARAJEVO\" role=\"img\" ><\/div>\n\t\t\t\t\t\t\t\t\t\t\t<div class=\"elementor-gallery-item__overlay\"><\/div>\n\t\t\t\t\t\t\t\t\t\t\t\t\t\t<\/a>\n\t\t\t\t\t\t\t<a class=\"e-gallery-item elementor-gallery-item elementor-animated-content\" href=\"https:\/\/prosvjeta.ba\/wp-content\/uploads\/2023\/06\/Slika-46.webp\">\n\t\t\t\t\t<div class=\"e-gallery-image elementor-gallery-item__image\" data-thumbnail=\"https:\/\/prosvjeta.ba\/wp-content\/uploads\/2023\/06\/Slika-46.webp\" data-width=\"550\" data-height=\"374\" aria-label=\"SPKD PROSVJETA SARAJEVO\" role=\"img\" ><\/div>\n\t\t\t\t\t\t\t\t\t\t\t<div class=\"elementor-gallery-item__overlay\"><\/div>\n\t\t\t\t\t\t\t\t\t\t\t\t\t\t<\/a>\n\t\t\t\t\t<\/div>\n\t\t\t\t\t<\/div>\n\t\t\t\t<\/div>\n\t\t\t\t<div class=\"elementor-element elementor-element-5ef6c25 elementor-widget-divider--view-line elementor-widget elementor-widget-divider\" data-id=\"5ef6c25\" data-element_type=\"widget\" data-e-type=\"widget\" data-widget_type=\"divider.default\">\n\t\t\t\t<div class=\"elementor-widget-container\">\n\t\t\t\t\t\t\t<div class=\"elementor-divider\">\n\t\t\t<span class=\"elementor-divider-separator\">\n\t\t\t\t\t\t<\/span>\n\t\t<\/div>\n\t\t\t\t\t\t<\/div>\n\t\t\t\t<\/div>\n\t\t\t\t<div class=\"elementor-element elementor-element-aa31d83 elementor-widget elementor-widget-text-editor\" data-id=\"aa31d83\" data-element_type=\"widget\" data-e-type=\"widget\" data-widget_type=\"text-editor.default\">\n\t\t\t\t<div class=\"elementor-widget-container\">\n\t\t\t\t\t\t\t\t\t<p>U \u201eProsvjeti\u201c danas djeluje veliki broj sekcija i odjeljenja. Mo\u017eda me\u0111u najaktivnijma je klub \u017eena \u201eMis Irbi\u201c, koji svoje ime duguje na\u0161oj velikoj dobrotvorki. Izdava\u0161tvo je jedna od okosnica dana\u0161njeg rada \u201eProsvjete\u201c. Iako ograni\u010deni sredstvima, u \u201eProsvjeti\u201c ipak uspijemo izdati desetak naslova svake godine, a me\u0111u njima su i brojna nagra\u0111ena djela. Likovna umjetnost je prona\u0161la svoje mjesto u \u201eProsvjeti\u201c, gdje smo u saradnji sa Umjetni\u010dkom galerijom Bosne i Hercegovine, ali i drugim institucijama, uspjeli odrganizovati velike izlo\u017ebe \u2013 \u201eNa\u0161i klasici\u201c, \u201e\u017denskom rukom\u201c, \u201eLazar Drlja\u010da\u201c, \u201ePra\u0161ki odrazi\u201c, \u201eBranko \u0160otra\u201c i brojni drugi.<\/p><p>Kao \u0161lag na kraju su tu brojne manifestacije, promocije i predavanja u Prosvjetinom domu. Na prvome spratu, jubilarne 2022. godine ponovo je otvorena Prosvjetina biblioteka \u2013 centralno mjesto okupljanja ljubitelja pisane rije\u010di. Ili, kako u \u201eProsvjeti\u201c volimo re\u0107i \u2013 nakon vi\u0161e od sedamdeset godina, Biblioteka se vratila ku\u0107i\u2026 A \u201eProsvjeta\u201c svoja okupljanja krini\u0161e dva puta godi\u0161nje \u2013 Vaskr\u0161njim, a naro\u010dito Bo\u017ei\u0107nim koncertom, koji su doga\u0111aj za koji se uvijek tra\u017ei mjesto vi\u0161e, i na kome su svi rado vi\u0111eni. Vrijeme je to kada sve ono \u0161to radimo, i \u0161to imamo dijelimo sa svima, \u0161to je i oduvijek cilj \u201eProsvjete\u201c. Tu su i Prosvjetini stipendisti koji su na\u0161 ponos i na\u0161a budu\u0107nost, i u \u010diji rad vrijedi ulagati, a oni tu pa\u017enju \u201eProsvjeti\u201c nesebi\u010dno vra\u0107aju.<\/p>\t\t\t\t\t\t\t\t<\/div>\n\t\t\t\t<\/div>\n\t\t\t\t<div class=\"elementor-element elementor-element-1886a75 elementor-widget-divider--view-line elementor-widget elementor-widget-divider\" data-id=\"1886a75\" data-element_type=\"widget\" data-e-type=\"widget\" data-widget_type=\"divider.default\">\n\t\t\t\t<div class=\"elementor-widget-container\">\n\t\t\t\t\t\t\t<div class=\"elementor-divider\">\n\t\t\t<span class=\"elementor-divider-separator\">\n\t\t\t\t\t\t<\/span>\n\t\t<\/div>\n\t\t\t\t\t\t<\/div>\n\t\t\t\t<\/div>\n\t\t\t\t<div class=\"elementor-element elementor-element-c048138 elementor-widget elementor-widget-gallery\" data-id=\"c048138\" data-element_type=\"widget\" data-e-type=\"widget\" data-settings=\"{&quot;gallery_layout&quot;:&quot;masonry&quot;,&quot;columns&quot;:3,&quot;gap_mobile&quot;:{&quot;unit&quot;:&quot;px&quot;,&quot;size&quot;:20,&quot;sizes&quot;:[]},&quot;gap&quot;:{&quot;unit&quot;:&quot;px&quot;,&quot;size&quot;:20,&quot;sizes&quot;:[]},&quot;lazyload&quot;:&quot;yes&quot;,&quot;columns_tablet&quot;:2,&quot;columns_mobile&quot;:1,&quot;gap_tablet&quot;:{&quot;unit&quot;:&quot;px&quot;,&quot;size&quot;:10,&quot;sizes&quot;:[]},&quot;link_to&quot;:&quot;file&quot;,&quot;overlay_background&quot;:&quot;yes&quot;,&quot;content_hover_animation&quot;:&quot;fade-in&quot;}\" data-widget_type=\"gallery.default\">\n\t\t\t\t<div class=\"elementor-widget-container\">\n\t\t\t\t\t\t\t<div class=\"elementor-gallery__container\">\n\t\t\t\t\t\t\t<a class=\"e-gallery-item elementor-gallery-item elementor-animated-content\" href=\"https:\/\/prosvjeta.ba\/wp-content\/uploads\/2023\/06\/Slika-59-scaled.webp\">\n\t\t\t\t\t<div class=\"e-gallery-image elementor-gallery-item__image\" data-thumbnail=\"https:\/\/prosvjeta.ba\/wp-content\/uploads\/2023\/06\/Slika-59-scaled.webp\" data-width=\"2560\" data-height=\"1702\" aria-label=\"SPKD PROSVJETA SARAJEVO\" role=\"img\" ><\/div>\n\t\t\t\t\t\t\t\t\t\t\t<div class=\"elementor-gallery-item__overlay\"><\/div>\n\t\t\t\t\t\t\t\t\t\t\t\t\t\t<\/a>\n\t\t\t\t\t\t\t<a class=\"e-gallery-item elementor-gallery-item elementor-animated-content\" href=\"https:\/\/prosvjeta.ba\/wp-content\/uploads\/2023\/06\/Slika-60.webp\">\n\t\t\t\t\t<div class=\"e-gallery-image elementor-gallery-item__image\" data-thumbnail=\"https:\/\/prosvjeta.ba\/wp-content\/uploads\/2023\/06\/Slika-60.webp\" data-width=\"938\" data-height=\"625\" aria-label=\"SPKD PROSVJETA SARAJEVO\" role=\"img\" ><\/div>\n\t\t\t\t\t\t\t\t\t\t\t<div class=\"elementor-gallery-item__overlay\"><\/div>\n\t\t\t\t\t\t\t\t\t\t\t\t\t\t<\/a>\n\t\t\t\t\t\t\t<a class=\"e-gallery-item elementor-gallery-item elementor-animated-content\" href=\"https:\/\/prosvjeta.ba\/wp-content\/uploads\/2023\/06\/Slika-61.webp\">\n\t\t\t\t\t<div class=\"e-gallery-image elementor-gallery-item__image\" data-thumbnail=\"https:\/\/prosvjeta.ba\/wp-content\/uploads\/2023\/06\/Slika-61.webp\" data-width=\"602\" data-height=\"1199\" aria-label=\"sPKD PROSVJETA SARAJEVO\" role=\"img\" ><\/div>\n\t\t\t\t\t\t\t\t\t\t\t<div class=\"elementor-gallery-item__overlay\"><\/div>\n\t\t\t\t\t\t\t\t\t\t\t\t\t\t<\/a>\n\t\t\t\t\t\t\t<a class=\"e-gallery-item elementor-gallery-item elementor-animated-content\" href=\"https:\/\/prosvjeta.ba\/wp-content\/uploads\/2023\/06\/Slika-62.webp\">\n\t\t\t\t\t<div class=\"e-gallery-image elementor-gallery-item__image\" data-thumbnail=\"https:\/\/prosvjeta.ba\/wp-content\/uploads\/2023\/06\/Slika-62.webp\" data-width=\"491\" data-height=\"752\" aria-label=\"SPKD PROSVJETA SARAJEVO\" role=\"img\" ><\/div>\n\t\t\t\t\t\t\t\t\t\t\t<div class=\"elementor-gallery-item__overlay\"><\/div>\n\t\t\t\t\t\t\t\t\t\t\t\t\t\t<\/a>\n\t\t\t\t\t\t\t<a class=\"e-gallery-item elementor-gallery-item elementor-animated-content\" href=\"https:\/\/prosvjeta.ba\/wp-content\/uploads\/2023\/06\/Slika-63-scaled.webp\">\n\t\t\t\t\t<div class=\"e-gallery-image elementor-gallery-item__image\" data-thumbnail=\"https:\/\/prosvjeta.ba\/wp-content\/uploads\/2023\/06\/Slika-63-scaled.webp\" data-width=\"2560\" data-height=\"1707\" aria-label=\"SPKD PROSVJETA SARAJEVO\" role=\"img\" ><\/div>\n\t\t\t\t\t\t\t\t\t\t\t<div class=\"elementor-gallery-item__overlay\"><\/div>\n\t\t\t\t\t\t\t\t\t\t\t\t\t\t<\/a>\n\t\t\t\t\t\t\t<a class=\"e-gallery-item elementor-gallery-item elementor-animated-content\" href=\"https:\/\/prosvjeta.ba\/wp-content\/uploads\/2023\/06\/Slika-57.webp\">\n\t\t\t\t\t<div class=\"e-gallery-image elementor-gallery-item__image\" data-thumbnail=\"https:\/\/prosvjeta.ba\/wp-content\/uploads\/2023\/06\/Slika-57.webp\" data-width=\"1599\" data-height=\"1066\" aria-label=\"SPKD PROSVJETA SARAJEVO\" role=\"img\" ><\/div>\n\t\t\t\t\t\t\t\t\t\t\t<div class=\"elementor-gallery-item__overlay\"><\/div>\n\t\t\t\t\t\t\t\t\t\t\t\t\t\t<\/a>\n\t\t\t\t\t<\/div>\n\t\t\t\t\t<\/div>\n\t\t\t\t<\/div>\n\t\t\t\t\t<\/div>\n\t\t\t\t<\/div>\n\t\t\t\t<\/div>","protected":false},"excerpt":{"rendered":"<p>\u0414\u043e \u043d\u043e\u0432\u0435 \u043e\u0431\u043d\u043e\u0432\u0435 \u0440\u0430\u0434\u0430 \u201e\u041f\u0440\u043e\u0441\u0432\u0458\u0435\u0442\u0435\u201c \u0434\u043e\u0448\u043b\u043e \u0458\u0435 \u0441\u0430 \u0434\u0435\u043c\u043e\u043a\u0440\u0430\u0442\u0441\u043a\u0438\u043c \u043f\u0440\u043e\u043c\u0458\u0435\u043d\u0430\u043c\u0430 \u043d\u0430 \u043f\u043e\u0434\u0440\u0443\u0447\u0458\u0443 \u043d\u0435\u043a\u0430\u0434\u0430\u0448\u045a\u0435 \u0408\u0443\u0433\u043e\u0441\u043b\u0430\u0432\u0438\u0458\u0435. 28. \u0458\u0443\u043d\u0430 1990. \u0433\u043e\u0434\u0438\u043d\u0435 \u0443 \u0421\u0430\u0440\u0430\u0458\u0435\u0432\u0443 \u0458\u0435 \u043e\u0434\u0440\u0436\u0430\u043d\u0430 \u0441\u0432\u0435\u0447\u0430\u043d\u0430 \u043e\u0431\u043d\u043e\u0432\u0438\u0442\u0435\u045a\u0441\u043a\u0430 \u0441\u043a\u0443\u043f\u0448\u0442\u0438\u043d\u0430 \u0421\u041f\u041a\u0414 \u201e\u041f\u0440\u043e\u0441\u0432\u0458\u0435\u0442\u0430\u201c, \u043d\u0430 \u043a\u043e\u0458\u0443 \u0441\u0435 \u0447\u0435\u043a\u0430\u043b\u043e \u0432\u0438\u0448\u0435 \u043e\u0434 \u0447\u0435\u0442\u0438\u0440\u0438 \u0434\u0435\u0446\u0435\u043d\u0438\u0458\u0435. \u041d\u043e\u0432\u0430 \u043d\u0430\u0434\u0430\u045a\u0430, \u043d\u043e\u0432\u0435 \u0436\u0435\u0459\u0435, \u0438 \u043d\u043e\u0432\u0438 \u0435\u043d\u0442\u0443\u0437\u0438\u0458\u0430\u0437\u0430\u043c \u0441\u0443 \u043f\u043e\u043d\u0438\u0458\u0435\u043b\u0438 \u201e\u041f\u0440\u043e\u0441\u0432\u0458\u0435\u0442\u0443\u201c \u0443 \u0441\u0443\u0441\u0440\u0435\u0442 \u043d\u043e\u0432\u0438\u043c \u0432\u0440\u0435\u043c\u0435\u043d\u0438\u043c\u0430. \u041d\u0430\u0436\u0430\u043b\u043e\u0441\u0442, \u0432\u0435\u043e\u043c\u0430 \u0431\u0440\u0437\u043e, \u043d\u0435\u043f\u0443\u043d\u0435 \u0434\u0432\u0438\u0458\u0435 \u0433\u043e\u0434\u0438\u043d\u0435 [&hellip;]<\/p>\n","protected":false},"author":1,"featured_media":0,"parent":0,"menu_order":0,"comment_status":"closed","ping_status":"closed","template":"","meta":{"footnotes":""},"class_list":["post-1866","page","type-page","status-publish","hentry"],"_links":{"self":[{"href":"https:\/\/prosvjeta.ba\/latinica\/wp-json\/wp\/v2\/pages\/1866","targetHints":{"allow":["GET"]}}],"collection":[{"href":"https:\/\/prosvjeta.ba\/latinica\/wp-json\/wp\/v2\/pages"}],"about":[{"href":"https:\/\/prosvjeta.ba\/latinica\/wp-json\/wp\/v2\/types\/page"}],"author":[{"embeddable":true,"href":"https:\/\/prosvjeta.ba\/latinica\/wp-json\/wp\/v2\/users\/1"}],"replies":[{"embeddable":true,"href":"https:\/\/prosvjeta.ba\/latinica\/wp-json\/wp\/v2\/comments?post=1866"}],"version-history":[{"count":58,"href":"https:\/\/prosvjeta.ba\/latinica\/wp-json\/wp\/v2\/pages\/1866\/revisions"}],"predecessor-version":[{"id":2941,"href":"https:\/\/prosvjeta.ba\/latinica\/wp-json\/wp\/v2\/pages\/1866\/revisions\/2941"}],"wp:attachment":[{"href":"https:\/\/prosvjeta.ba\/latinica\/wp-json\/wp\/v2\/media?parent=1866"}],"curies":[{"name":"wp","href":"https:\/\/api.w.org\/{rel}","templated":true}]}}